{"id":3240,"date":"2020-08-27T08:59:40","date_gmt":"2020-08-27T06:59:40","guid":{"rendered":"https:\/\/datefor2.com\/privacyverklaring-copy\/"},"modified":"2020-08-27T09:03:09","modified_gmt":"2020-08-27T07:03:09","slug":"bvsknl","status":"publish","type":"page","link":"https:\/\/datefor2.com\/nl\/bvsknl\/","title":{"rendered":"Algemene Voorwaarden BVSK"},"content":{"rendered":"<p><strong>Algemene Voorwaarden Branchevereniging Singles Keurmerk | versie 25 mei 2018<\/strong><\/p>\n<p>Artikel 1 \t&#8211; Definities<br \/>\nArtikel 2 \t&#8211; Toepassing Algemene Voorwaarden<br \/>\nArtikel 3 \t&#8211; Informatie &#038; Evaluatie<br \/>\nArtikel 4 \t&#8211; Kennismaking<br \/>\nArtikel 5 \t&#8211; De Overeenkomst<br \/>\nArtikel 6 \t&#8211; Afkoelingsperiode<br \/>\nArtikel 7 \t&#8211; Duur en be\u00ebindiging Overeenkomst<br \/>\nArtikel 8 \t&#8211; Zorgplicht van de Ondernemer<br \/>\nArtikel 9 \t&#8211; Privacybescherming<br \/>\nArtikel 10 \t&#8211; Betalingsverplichting van de Cli\u00ebnt(e)<br \/>\nArtikel 11 \t&#8211; Overige verplichtingen van de Cli\u00ebnt(e)<br \/>\nArtikel 12 \t&#8211; Ontbinding van de Overeenkomst<br \/>\nArtikel 13 \t&#8211; Klachten<br \/>\nArtikel 14 \t&#8211; Geschillenregeling<\/p>\n<p><strong>Artikel 1 &#8211; Definities<\/strong><br \/>\nIn deze Algemene Voorwaarden wordt verstaan onder:<br \/>\nRelatiebemiddeling: dienstverlening bij relatievorming, gericht op het duurzaam samenbrengen van alleenstaanden.<br \/>\nOndernemer: de natuurlijke persoon of rechtspersoon die beroeps- of bedrijfsmatig relatiebemiddeling uitoefent;<br \/>\nCli\u00ebnt(e): de natuurlijke persoon, niet handelend in de uitoefening van een beroep of bedrijf.<br \/>\nOvereenkomst: de overeenkomst met betrekking tot relatiebemiddeling tussen de Cli\u00ebnt(e) en de Ondernemer, in welke vorm dan ook gesloten.<br \/>\nContactmogelijkheid: de door de Ondernemer geboden mogelijkheid aan de Cli\u00ebnt(e) om contact op te nemen met een potenti\u00eble partner. Onder een contactmogelijkheid wordt mede verstaan een groepsmatige kennismakingsbijeenkomst van Cli\u00ebnt(e)en.<br \/>\nVoorwaarden: de(ze) Algemene Voorwaarden Branchevereniging Singles Keurmerk.<\/p>\n<p><strong>Artikel 2 &#8211; Toepassing Algemene Voorwaarden<\/strong><br \/>\nDe Ondernemer is verplicht deze Algemene Voorwaarden op de Overeenkomst met de Cli\u00ebnt(e) van toepassing te verklaren en deze voor of bij het sluiten ervan aan de Cli\u00ebnt(e) ter hand te stellen.<br \/>\nDe Ondernemer kan slechts ten voordele van de<br \/>\nCli\u00ebnt(e) afwijken van deze Voorwaarden.<\/p>\n<p><strong>Artikel 3 &#8211; Informatie &#038; Evaluatie <\/strong><br \/>\nDe Ondernemer verschaft de Cli\u00ebnt(e) v\u00f3\u00f3r het sluiten van de Overeenkomst schriftelijk of elektronisch informatie over:<br \/>\nde door de Ondernemer aangeboden vorm(en) van relatiebemiddeling;<br \/>\nde duur van de Overeenkomst;<br \/>\nde te hanteren werkwijze;<br \/>\nhet door de Cli\u00ebnt(e) te betalen tarief.<br \/>\nDe informatie bedoeld in lid 1 dient de Cli\u00ebnt(e) een goed beeld te geven van hetgeen hij\/zij aan diensten van de Ondernemer mag verwachten. De ondernemer evalueert het verloop van de bemiddeling regelmatig met de Cli\u00ebnt(e).<\/p>\n<p><strong>Artikel 4 &#8211; Kennismaking<\/strong><br \/>\nHet eerste kennismakingsgesprek tussen de Ondernemer en de Cli\u00ebnt(e) is kosteloos en duurt maximaal een half uur. Indien de Ondernemer voor dit gesprek kosten wenst te berekenen, dient dit vooraf uitdrukkelijk kenbaar te worden gemaakt aan de Cli\u00ebnt(e) en dient de Cli\u00ebnt(e) daarmee vooraf schriftelijk akkoord te gaan.<\/p>\n<p><strong>Artikel 5 &#8211; De Overeenkomst<\/strong><br \/>\nDe Overeenkomst komt schriftelijk dan wel elektronisch tot stand en is voorzien van een datum waarop de dienstverlening begint. In een elektronische omgeving is de Overeenkomst pas gesloten wanneer de Cli\u00ebnt(e) de bevestiging van totstandkoming van de Overeenkomst heeft ontvangen.<\/p>\n<p><strong>Artikel 6 &#8211; Afkoelingsperiode<\/strong><br \/>\nDe Cli\u00ebnt(e) die de Overeenkomst buiten de verkoopruimte van de Ondernemer heeft gesloten, heeft het recht om de Overeenkomst binnen veertien dagen kosteloos te annuleren. Deze wettelijke bedenktermijn kan door de Ondernemer niet worden uitgesloten.<br \/>\nIndien de Ondernemer op verzoek van de Cli\u00ebnt al tijdens deze bedenktermijn aanvangt met haar werkzaamheden voor de Client, dan kan in geval van annulering door de Client een vergoeding worden gevraagd, mits de Client daarvoor bij de overeenkomst heeft ingestemd. \u2028<br \/>\n<strong>Artikel 7 &#8211; Duur en be\u00ebindiging Overeenkomst<\/strong><br \/>\nDe Overeenkomst wordt gesloten voor een bepaalde tijd. Indien de Cli\u00ebnt(e) de Overeenkomst voortijdig opzegt, na de bedenktermijn maar v\u00f3\u00f3r de einddatum van de Overeenkomst, is hij\/zij aan de Ondernemer verschuldigd het inschrijfgeld, de administratiekosten en de overige contractueel overeengekomen kosten, mits de Ondernemer de opzegging niet kan worden verweten.<br \/>\nDe opdracht aan de Ondernemer is volbracht (en daarmee is volledige betaling verschuldigd) als de looptijd van de Overeenkomst is verstreken of zodra er in die periode voldoende Contactmogelijkheden zijn geweest.<br \/>\nIndien en voor zolang de Cli\u00ebnt(e) tijdens de looptijd van de Overeenkomst een relatie aangaat, al dan niet via bemiddeling door de Ondernemer, deelt hij\/zij dat mee aan de Ondernemer en zal de bemiddeling door de Ondernemer worden opgeschort voor de duur van die relatie. Cli\u00ebnt(e) kan gedurende die periode geen rechten aan de Overeenkomst ontlenen en heeft geen recht op terugbetaling van betaalde gelden. De dienstverlening van de Ondernemer eindigt in ieder geval met het verstrijken van de looptijd van de Overeenkomst. <\/p>\n<p><strong>Artikel 8 &#8211; Zorgplicht van de Ondernemer<\/strong><br \/>\nDe Ondernemer verplicht zich ten opzichte van de Cli\u00ebnt(e) bij de uitvoering van de Overeenkomst de zorg van een goed relatiebemiddelingsbureau in acht te nemen. Daartoe:<br \/>\nbedient de Ondernemer zich van vakbekwame medewerkers,<br \/>\nhanteert de Ondernemer in geval van relatiebemiddeling een passende selectie en biedt het een redelijk aantal Contactmogelijkheden, afhankelijk van de gerechtvaardigde verwachtingen van de Cli\u00ebnt(e) en de bij het intakegesprek verstrekte informatie, de brochures en de opgestelde profielschets.<\/p>\n<p><strong>Artikel 9 &#8211; Privacybescherming<\/strong><br \/>\nDe Ondernemer verwerkt de persoonsgegevens van de Cli\u00ebnt(e) op een behoorlijke en zorgvuldige wijze en in overeenstemming met de Algemene Verordening Gegevensbescherming (AVG) en de Wet Meldplicht Datalekken.<br \/>\nDe Client(e) wordt via de Privacyverklaring van De Ondernemer ge\u00efnformeerd over zijn rechten als betrokkene, en de Ondernemer staat garant voor het kunnen uitoefenen van alle rechten die de AVG betrokkenen toekent.<br \/>\nDe Ondernemer vernietigt de persoonsgegevens van de Cli\u00ebnt(e) uiterlijk twee jaar na afloop van de Overeenkomst.<br \/>\nIeder verlies van persoonsgegevens van kandidaten\/cli\u00ebnten van de Ondernemer, inclusief het per abuis adresseren van privacygevoelige berichten aan verkeerde afzenders, dient binnen 24 uur na constatering door de Client(e) aan de Ondernemer te worden gemeld met het oog op de mogelijke verplichting tot melding van dat privacy incident aan de Autoriteit Persoonsgegevens of een andere toezichthouder.<\/p>\n<p><strong>Artikel 10 &#8211; Betalingsverplichting van de Cli\u00ebnt(e)<\/strong><br \/>\nDe Cli\u00ebnt(e) is verplicht de declaratie(s) van de Ondernemer tijdig te betalen.<br \/>\nWanneer betaling in vaste termijnen is overeengekomen, dient betaling door de Ondernemer te zijn ontvangen op de dag waarop een termijn vervalt.<br \/>\nWanneer geen betaling in vaste termijnen is overeengekomen, dient de Cli\u00ebnt(e) te betalen binnen 14 dagen na de factuurdatum.<br \/>\nIndien de Cli\u00ebnt(e) niet tijdig betaalt, is hij\/zij in verzuim. De Ondernemer stuurt de Cli\u00ebnt(e) na het verstrijken van de betalingstermijn een betalingsherinnering, waarin het de Cli\u00ebnt(e) op zijn\/haar verzuim wijst en stelt hij de Cli\u00ebnt(e) in de gelegenheid binnen 14 dagen alsnog te betalen. In deze brief worden expliciet de gevolgen van niet-betaling vermeld, waaronder de hoogte van de alsdan te vorderen incassokosten conform de Wet Incassokosten.<br \/>\nDe Cli\u00ebnt(e) is niet in verzuim voor zover hij\/zij aantoont dat hij\/zij bevoegd is zijn\/haar betaling op te schorten.<\/p>\n<p><strong>Artikel 11 &#8211; Overige verplichtingen van de Cli\u00ebnt(e)<\/strong><br \/>\nDe Cli\u00ebnt(e) verplicht zich tot correct gedrag tegenover de Ondernemer en de in het kader van de uitvoering van de Overeenkomst aan de Cli\u00ebnt(e) voorgestelde personen.<br \/>\nDe Cli\u00ebnt(e) is verplicht tot geheimhouding met betrekking tot persoonlijke gegevens van potenti\u00eble partners en vrijwaart de Ondernemer voor aanspraken van derden als aansprakelijkheid ontstaat wegens schending van de geheimhoudingsplicht door de Cli\u00ebnt(e).<br \/>\nDe Cli\u00ebnt(e) verbindt zich tot medewerking aan de dienstverlening van de Ondernemer. Dit betekent onder meer dat de Cli\u00ebnt(e), nadat een Contactmogelijkheid is gerealiseerd, daadwerkelijk binnen een redelijke termijn tot kennismaking zal overgaan als de voorgestelde kandidaat dat ook wil. Daarna laat de Cli\u00ebnt(e) de Ondernemer binnen een redelijke termijn weten of al dan niet een volgende Contactmogelijkheid wordt verwacht.<\/p>\n<p><strong>Artikel 12 &#8211; Ontbinding van de Overeenkomst<\/strong><br \/>\nWanneer een partij de Overeenkomst niet nakomt, is de wederpartij bevoegd de Overeenkomst te ontbinden, tenzij de tekortkoming gezien haar bijzondere aard of geringe betekenis een ontbinding niet rechtvaardigt. Ontbinding kan onder meer gerechtvaardigd zijn bij schending door de Ondernemer van zijn zorgplicht genoemd in artikel 8 respectievelijk bij schending door de Cli\u00ebnt(e) van zijn\/haar plicht om correct te handelen in de zin van artikel 11. <\/p>\n<p><strong>Artikel 13 &#8211; Klachten<\/strong><br \/>\nKlachten over de uitvoering van de Overeenkomst en over de bescherming van persoonsgegevens moeten schriftelijk bij de Ondernemer worden ingediend. De Ondernemer dient binnen een maand inhoudelijk op de klacht te reageren. Het staat de Client(e) vrij om klanten over privacybescherming ook in te dienen bij de Autoriteit Persoonsgegevens te Den Haag.<br \/>\nIndien de Ondernemer niet (tijdig) reageert, kan de Cli\u00ebnt(e) gebruik maken van de geschillenregeling.<\/p>\n<p><strong>Artikel 14 &#8211; Geschillenregeling<\/strong><br \/>\nGeschillen tussen de Cli\u00ebnt(e) en de Ondernemer ten aanzien van de Overeenkomst kunnen worden voorgelegd aan de onafhankelijke Geschillencommissie Relatiebemiddeling (hierna: \u201cDe Commissie\u201d) van de Branchevereniging Singles Keurmerk (BVSK).<br \/>\nDe Commissie hanteert een geschillenreglement dat is te raadplegen op de website www.geschillencommissierelatiebemiddeling.nl en ook kosteloos bij de Ondernemer kan worden opgevraagd.<br \/>\nDe klacht dient uiterlijk binnen zes maanden na be\u00ebindiging van de Overeenkomst schriftelijk bij de Commissie te zijn ingediend. Onder schriftelijk valt ook een elektronische indiening van het geschil via het e-mailadres van de Commissie: \u2028info@geschillencommissierelatiebemiddeling.nl \u2028(of info@gcrelatie.nl).<br \/>\nVoor de behandeling van een geschil is klachtengeld verschuldigd conform hetgeen daarover in het Geschillenreglement is bepaald.<br \/>\nNaast de Commissie is ook steeds de civiele overheidsrechter bevoegd om geschillen in behandeling te nemen. <\/p>\n","protected":false},"excerpt":{"rendered":"<p>Algemene Voorwaarden Branchevereniging Singles Keurmerk | versie 25 mei 2018 Artikel 1 &#8211; Definities Artikel 2 &#8211; Toepassing Algemene Voorwaarden Artikel 3 &#8211; Informatie &#038; Evaluatie Artikel 4 &#8211; Kennismaking Artikel 5 &#8211; De Overeenkomst Artikel 6 &#8211; Afkoelingsperiode Artikel 7 &#8211; Duur en be\u00ebindiging Overeenkomst Artikel 8 &#8211; Zorgplicht van de Ondernemer Artikel 9 [&hellip;]<\/p>\n","protected":false},"author":5,"featured_media":0,"parent":0,"menu_order":0,"comment_status":"closed","ping_status":"closed","template":"","meta":{"_acf_changed":false,"_genesis_hide_title":false,"_genesis_hide_breadcrumbs":false,"_genesis_hide_singular_image":false,"_genesis_hide_footer_widgets":false,"_genesis_custom_body_class":"","_genesis_custom_post_class":"","_genesis_layout":"","footnotes":""},"class_list":{"0":"post-3240","1":"page","2":"type-page","3":"status-publish","5":"entry"},"acf":[],"_links":{"self":[{"href":"https:\/\/datefor2.com\/nl\/wp-json\/wp\/v2\/pages\/3240"}],"collection":[{"href":"https:\/\/datefor2.com\/nl\/wp-json\/wp\/v2\/pages"}],"about":[{"href":"https:\/\/datefor2.com\/nl\/wp-json\/wp\/v2\/types\/page"}],"author":[{"embeddable":true,"href":"https:\/\/datefor2.com\/nl\/wp-json\/wp\/v2\/users\/5"}],"replies":[{"embeddable":true,"href":"https:\/\/datefor2.com\/nl\/wp-json\/wp\/v2\/comments?post=3240"}],"version-history":[{"count":0,"href":"https:\/\/datefor2.com\/nl\/wp-json\/wp\/v2\/pages\/3240\/revisions"}],"wp:attachment":[{"href":"https:\/\/datefor2.com\/nl\/wp-json\/wp\/v2\/media?parent=3240"}],"curies":[{"name":"wp","href":"https:\/\/api.w.org\/{rel}","templated":true}]}}